{"id":510,"date":"2026-03-05T23:49:15","date_gmt":"2026-03-06T02:49:15","guid":{"rendered":"https:\/\/xn--conexocuriosa-0eb.com.br\/?page_id=510"},"modified":"2026-03-05T23:49:15","modified_gmt":"2026-03-06T02:49:15","slug":"termos-de-uso-2","status":"publish","type":"page","link":"https:\/\/xn--conexocuriosa-0eb.com.br\/index.php\/termos-de-uso-2\/","title":{"rendered":"Termos de Uso"},"content":{"rendered":"<p data-path-to-node=\"5,0\"><b data-path-to-node=\"5,0\" data-index-in-node=\"0\">TERMOS DE USO<\/b><\/p>\n<p data-path-to-node=\"5,1\">Bem-vindo ao <b>Conex\u00e3o Curiosa<\/b>. Ao utilizar nosso site, voc\u00ea concorda com os termos abaixo:<\/p>\n<p data-path-to-node=\"5,2\"><b data-path-to-node=\"5,2\" data-index-in-node=\"0\">1. Uso do Conte\u00fado<\/b> Todo o conte\u00fado publicado neste blog (textos, imagens e artes) \u00e9 de propriedade do <b>Conex\u00e3o Curiosa<\/b>, salvo indica\u00e7\u00e3o em contr\u00e1rio. \u00c9 proibida a c\u00f3pia ou reprodu\u00e7\u00e3o total ou parcial sem autoriza\u00e7\u00e3o pr\u00e9via por escrito.<\/p>\n<p data-path-to-node=\"5,3\"><b data-path-to-node=\"5,3\" data-index-in-node=\"0\">2. Responsabilidade<\/b> As informa\u00e7\u00f5es aqui contidas t\u00eam car\u00e1ter informativo. Fazemos o poss\u00edvel para manter o conte\u00fado atualizado e preciso, por\u00e9m, n\u00e3o nos responsabilizamos por eventuais erros ou por danos decorrentes do uso das informa\u00e7\u00f5es aqui apresentadas.<\/p>\n<p data-path-to-node=\"5,4\"><b data-path-to-node=\"5,4\" data-index-in-node=\"0\">3. Links Externos<\/b> Nosso site pode conter links para sites de terceiros. N\u00e3o nos responsabilizamos pelo conte\u00fado ou pelas pol\u00edticas de privacidade desses sites externos.<\/p>\n<p data-path-to-node=\"5,5\"><b data-path-to-node=\"5,5\" data-index-in-node=\"0\">4. Coment\u00e1rios<\/b> Os coment\u00e1rios s\u00e3o de inteira responsabilidade de seus autores. Reservamo-nos o direito de remover coment\u00e1rios que contenham spam, conte\u00fado ofensivo, ilegal ou desrespeitoso.<\/p>\n<p data-path-to-node=\"5,6\"><b data-path-to-node=\"5,6\" data-index-in-node=\"0\">5. Altera\u00e7\u00f5es nestes Termos<\/b> Podemos atualizar estes termos a qualquer momento. Recomendamos que verifique esta p\u00e1gina periodicamente.<\/p>\n<p data-path-to-node=\"5,7\"><b data-path-to-node=\"5,7\" data-index-in-node=\"0\">\u00daltima atualiza\u00e7\u00e3o:<\/b> 05 de Mar\u00e7o de 2026<\/p>\n","protected":false},"excerpt":{"rendered":"<p>TERMOS DE USO Bem-vindo ao Conex\u00e3o Curiosa. Ao utilizar nosso site, voc\u00ea concorda com os termos abaixo: 1. Uso do Conte\u00fado Todo o conte\u00fado publicado neste blog (textos, imagens e artes) \u00e9 de propriedade do Conex\u00e3o Curiosa, salvo indica\u00e7\u00e3o em contr\u00e1rio. \u00c9 proibida a c\u00f3pia ou reprodu\u00e7\u00e3o total ou parcial sem autoriza\u00e7\u00e3o pr\u00e9via por escrito. [&hellip;]<\/p>\n","protected":false},"author":1,"featured_media":0,"parent":0,"menu_order":0,"comment_status":"closed","ping_status":"closed","template":"","meta":{"site-sidebar-layout":"default","site-content-layout":"","ast-site-content-layout":"default","site-content-style":"default","site-sidebar-style":"default","ast-global-header-display":"","ast-banner-title-visibility":"","ast-main-header-display":"","ast-hfb-above-header-display":"","ast-hfb-below-header-display":"","ast-hfb-mobile-header-display":"","site-post-title":"","ast-breadcrumbs-content":"","ast-featured-img":"","footer-sml-layout":"","theme-transparent-header-meta":"default","adv-header-id-meta":"","stick-header-meta":"","header-above-stick-meta":"","header-main-stick-meta":"","header-below-stick-meta":"","astra-migrate-meta-layouts":"set","ast-page-background-enabled":"default","ast-page-background-meta":{"desktop":{"background-color":"var(--ast-global-color-4)","background-image":"","background-repeat":"repeat","background-position":"center center","background-size":"auto","background-attachment":"scroll","background-type":"","background-media":"","overlay-type":"","overlay-color":"","overlay-opacity":"","overlay-gradient":""},"tablet":{"background-color":"","background-image":"","background-repeat":"repeat","background-position":"center center","background-size":"auto","background-attachment":"scroll","background-type":"","background-media":"","overlay-type":"","overlay-color":"","overlay-opacity":"","overlay-gradient":""},"mobile":{"background-color":"","background-image":"","background-repeat":"repeat","background-position":"center center","background-size":"auto","background-attachment":"scroll","background-type":"","background-media":"","overlay-type":"","overlay-color":"","overlay-opacity":"","overlay-gradient":""}},"ast-content-background-meta":{"desktop":{"background-color":"var(--ast-global-color-5)","background-image":"","background-repeat":"repeat","background-position":"center center","background-size":"auto","background-attachment":"scroll","background-type":"","background-media":"","overlay-type":"","overlay-color":"","overlay-opacity":"","overlay-gradient":""},"tablet":{"background-color":"var(--ast-global-color-5)","background-image":"","background-repeat":"repeat","background-position":"center center","background-size":"auto","background-attachment":"scroll","background-type":"","background-media":"","overlay-type":"","overlay-color":"","overlay-opacity":"","overlay-gradient":""},"mobile":{"background-color":"var(--ast-global-color-5)","background-image":"","background-repeat":"repeat","background-position":"center center","background-size":"auto","background-attachment":"scroll","background-type":"","background-media":"","overlay-type":"","overlay-color":"","overlay-opacity":"","overlay-gradient":""}},"footnotes":""},"class_list":["post-510","page","type-page","status-publish","hentry"],"aioseo_notices":[],"jetpack_sharing_enabled":true,"_links":{"self":[{"href":"https:\/\/xn--conexocuriosa-0eb.com.br\/index.php\/wp-json\/wp\/v2\/pages\/510","targetHints":{"allow":["GET"]}}],"collection":[{"href":"https:\/\/xn--conexocuriosa-0eb.com.br\/index.php\/wp-json\/wp\/v2\/pages"}],"about":[{"href":"https:\/\/xn--conexocuriosa-0eb.com.br\/index.php\/wp-json\/wp\/v2\/types\/page"}],"author":[{"embeddable":true,"href":"https:\/\/xn--conexocuriosa-0eb.com.br\/index.php\/wp-json\/wp\/v2\/users\/1"}],"replies":[{"embeddable":true,"href":"https:\/\/xn--conexocuriosa-0eb.com.br\/index.php\/wp-json\/wp\/v2\/comments?post=510"}],"version-history":[{"count":1,"href":"https:\/\/xn--conexocuriosa-0eb.com.br\/index.php\/wp-json\/wp\/v2\/pages\/510\/revisions"}],"predecessor-version":[{"id":511,"href":"https:\/\/xn--conexocuriosa-0eb.com.br\/index.php\/wp-json\/wp\/v2\/pages\/510\/revisions\/511"}],"wp:attachment":[{"href":"https:\/\/xn--conexocuriosa-0eb.com.br\/index.php\/wp-json\/wp\/v2\/media?parent=510"}],"curies":[{"name":"wp","href":"https:\/\/api.w.org\/{rel}","templated":true}]}}