{"id":445,"date":"2026-03-02T23:30:08","date_gmt":"2026-03-03T02:30:08","guid":{"rendered":"https:\/\/xn--conexocuriosa-0eb.com.br\/?page_id=445"},"modified":"2026-03-05T23:15:58","modified_gmt":"2026-03-06T02:15:58","slug":"cookies","status":"publish","type":"page","link":"https:\/\/xn--conexocuriosa-0eb.com.br\/index.php\/cookies\/","title":{"rendered":"Pol\u00edtica de cookies (BR)"},"content":{"rendered":"<blockquote data-path-to-node=\"5\">\n<p data-path-to-node=\"5,0\">A pol\u00edtica de <b data-path-to-node=\"8,0,1,0\" data-index-in-node=\"15\">Cookies<\/b> do Conex\u00e3o Curiosa explica como usamos seus dados. No <b data-path-to-node=\"5,0\" data-index-in-node=\"3\">Conex\u00e3o Curiosa<\/b>, acreditamos em ser claros e abertos sobre como coletamos e usamos dados relacionados a voc\u00ea. Esta p\u00e1gina detalha como e por que usamos cookies.<\/p>\n<p data-path-to-node=\"5,1\"><b data-path-to-node=\"5,1\" data-index-in-node=\"0\">O que s\u00e3o cookies?<\/b> Cookies s\u00e3o pequenos arquivos de texto enviados pelo site ao seu navegador. Eles servem para que o site lembre de suas prefer\u00eancias e ofere\u00e7a uma navega\u00e7\u00e3o mais r\u00e1pida.<\/p>\n<p data-path-to-node=\"5,2\"><b data-path-to-node=\"5,2\" data-index-in-node=\"0\">Como usamos?<\/b><\/p>\n<ol start=\"1\" data-path-to-node=\"5,3\">\n<li>\n<p data-path-to-node=\"5,3,0,0\"><b data-path-to-node=\"5,3,0,0\" data-index-in-node=\"0\">An\u00fancios:<\/b> Utilizamos cookies de terceiros (como o Google AdSense) para exibir an\u00fancios baseados em suas visitas anteriores.<\/p>\n<\/li>\n<li>\n<p data-path-to-node=\"5,3,1,0\"><b data-path-to-node=\"5,3,1,0\" data-index-in-node=\"0\">An\u00e1lise:<\/b> Usamos cookies para entender quais posts voc\u00ea mais gosta, ajudando-nos a criar conte\u00fados melhores.<\/p>\n<\/li>\n<\/ol>\n<p data-path-to-node=\"5,4\">Voc\u00ea pode desativar os cookies nas configura\u00e7\u00f5es do seu navegador a qualquer momento.<\/p>\n<\/blockquote>\n","protected":false},"excerpt":{"rendered":"<p>A pol\u00edtica de Cookies do Conex\u00e3o Curiosa explica como usamos seus dados. No Conex\u00e3o Curiosa, acreditamos em ser claros e abertos sobre como coletamos e usamos dados relacionados a voc\u00ea. Esta p\u00e1gina detalha como e por que usamos cookies. O que s\u00e3o cookies? Cookies s\u00e3o pequenos arquivos de texto enviados pelo site ao seu navegador. [&hellip;]<\/p>\n","protected":false},"author":1,"featured_media":0,"parent":0,"menu_order":0,"comment_status":"closed","ping_status":"closed","template":"","meta":{"site-sidebar-layout":"default","site-content-layout":"","ast-site-content-layout":"default","site-content-style":"default","site-sidebar-style":"default","ast-global-header-display":"","ast-banner-title-visibility":"","ast-main-header-display":"","ast-hfb-above-header-display":"","ast-hfb-below-header-display":"","ast-hfb-mobile-header-display":"","site-post-title":"","ast-breadcrumbs-content":"","ast-featured-img":"","footer-sml-layout":"","theme-transparent-header-meta":"default","adv-header-id-meta":"","stick-header-meta":"","header-above-stick-meta":"","header-main-stick-meta":"","header-below-stick-meta":"","astra-migrate-meta-layouts":"set","ast-page-background-enabled":"default","ast-page-background-meta":{"desktop":{"background-color":"var(--ast-global-color-4)","background-image":"","background-repeat":"repeat","background-position":"center center","background-size":"auto","background-attachment":"scroll","background-type":"","background-media":"","overlay-type":"","overlay-color":"","overlay-opacity":"","overlay-gradient":""},"tablet":{"background-color":"","background-image":"","background-repeat":"repeat","background-position":"center center","background-size":"auto","background-attachment":"scroll","background-type":"","background-media":"","overlay-type":"","overlay-color":"","overlay-opacity":"","overlay-gradient":""},"mobile":{"background-color":"","background-image":"","background-repeat":"repeat","background-position":"center center","background-size":"auto","background-attachment":"scroll","background-type":"","background-media":"","overlay-type":"","overlay-color":"","overlay-opacity":"","overlay-gradient":""}},"ast-content-background-meta":{"desktop":{"background-color":"var(--ast-global-color-5)","background-image":"","background-repeat":"repeat","background-position":"center center","background-size":"auto","background-attachment":"scroll","background-type":"","background-media":"","overlay-type":"","overlay-color":"","overlay-opacity":"","overlay-gradient":""},"tablet":{"background-color":"var(--ast-global-color-5)","background-image":"","background-repeat":"repeat","background-position":"center center","background-size":"auto","background-attachment":"scroll","background-type":"","background-media":"","overlay-type":"","overlay-color":"","overlay-opacity":"","overlay-gradient":""},"mobile":{"background-color":"var(--ast-global-color-5)","background-image":"","background-repeat":"repeat","background-position":"center center","background-size":"auto","background-attachment":"scroll","background-type":"","background-media":"","overlay-type":"","overlay-color":"","overlay-opacity":"","overlay-gradient":""}},"footnotes":""},"class_list":["post-445","page","type-page","status-publish","hentry"],"aioseo_notices":[],"jetpack_sharing_enabled":true,"_links":{"self":[{"href":"https:\/\/xn--conexocuriosa-0eb.com.br\/index.php\/wp-json\/wp\/v2\/pages\/445","targetHints":{"allow":["GET"]}}],"collection":[{"href":"https:\/\/xn--conexocuriosa-0eb.com.br\/index.php\/wp-json\/wp\/v2\/pages"}],"about":[{"href":"https:\/\/xn--conexocuriosa-0eb.com.br\/index.php\/wp-json\/wp\/v2\/types\/page"}],"author":[{"embeddable":true,"href":"https:\/\/xn--conexocuriosa-0eb.com.br\/index.php\/wp-json\/wp\/v2\/users\/1"}],"replies":[{"embeddable":true,"href":"https:\/\/xn--conexocuriosa-0eb.com.br\/index.php\/wp-json\/wp\/v2\/comments?post=445"}],"version-history":[{"count":5,"href":"https:\/\/xn--conexocuriosa-0eb.com.br\/index.php\/wp-json\/wp\/v2\/pages\/445\/revisions"}],"predecessor-version":[{"id":507,"href":"https:\/\/xn--conexocuriosa-0eb.com.br\/index.php\/wp-json\/wp\/v2\/pages\/445\/revisions\/507"}],"wp:attachment":[{"href":"https:\/\/xn--conexocuriosa-0eb.com.br\/index.php\/wp-json\/wp\/v2\/media?parent=445"}],"curies":[{"name":"wp","href":"https:\/\/api.w.org\/{rel}","templated":true}]}}